{"id":63,"date":"2026-04-26T21:48:14","date_gmt":"2026-04-26T19:48:14","guid":{"rendered":"http:\/\/234.wordpressalk.pl\/index.php\/koszyk\/"},"modified":"2026-04-26T21:48:14","modified_gmt":"2026-04-26T19:48:14","slug":"koszyk","status":"publish","type":"page","link":"https:\/\/234.wordpressalk.pl\/index.php\/koszyk\/","title":{"rendered":"Koszyk"},"content":{"rendered":"\n<div data-block-name=\"woocommerce\/cart\" class=\"wp-block-woocommerce-cart alignwide is-loading\">\n<div data-block-name=\"woocommerce\/filled-cart-block\" class=\"wp-block-woocommerce-filled-cart-block\">\n<div data-block-name=\"woocommerce\/cart-items-block\" class=\"wp-block-woocommerce-cart-items-block\">\n<div data-block-name=\"woocommerce\/cart-line-items-block\" class=\"wp-block-woocommerce-cart-line-items-block\"><\/div>\n\n\n<\/div>\n\n\n\n\n<div data-block-name=\"woocommerce\/cart-totals-block\" class=\"wp-block-woocommerce-cart-totals-block\">\n<div data-block-name=\"woocommerce\/cart-order-summary-block\" class=\"wp-block-woocommerce-cart-order-summary-block\">\n<div data-block-name=\"woocommerce\/cart-order-summary-heading-block\" class=\"wp-block-woocommerce-cart-order-summary-heading-block\"><\/div><div data-block-name=\"woocommerce\/cart-order-summary-coupon-form-block\" class=\"wp-block-woocommerce-cart-order-summary-coupon-form-block\"><\/div><div data-block-name=\"woocommerce\/cart-order-summary-totals-block\" class=\"wp-block-woocommerce-cart-order-summary-totals-block\">\n<div data-block-name=\"woocommerce\/cart-order-summary-subtotal-block\" class=\"wp-block-woocommerce-cart-order-summary-subtotal-block\"><\/div>\n<div data-block-name=\"woocommerce\/cart-order-summary-discount-block\" class=\"wp-block-woocommerce-cart-order-summary-discount-block\"><\/div>\n<div data-block-name=\"woocommerce\/cart-order-summary-fee-block\" class=\"wp-block-woocommerce-cart-order-summary-fee-block\"><\/div>\n<div data-block-name=\"woocommerce\/cart-order-summary-shipping-block\" class=\"wp-block-woocommerce-cart-order-summary-shipping-block\"><\/div>\n<div data-block-name=\"woocommerce\/cart-order-summary-taxes-block\" class=\"wp-block-woocommerce-cart-order-summary-taxes-block\"><\/div><\/div>\n<\/div>\n\n\n\n<div data-block-name=\"woocommerce\/cart-express-payment-block\" class=\"wp-block-woocommerce-cart-express-payment-block\"><\/div>\n\n\n\n<div data-block-name=\"woocommerce\/proceed-to-checkout-block\" class=\"wp-block-woocommerce-proceed-to-checkout-block\"><\/div>\n\n\n\n<div data-block-name=\"woocommerce\/cart-accepted-payment-methods-block\" class=\"wp-block-woocommerce-cart-accepted-payment-methods-block\"><\/div>\n<\/div>\n<\/div>\n\n\n\n<div data-block-name=\"woocommerce\/empty-cart-block\" class=\"wp-block-woocommerce-empty-cart-block\">\n<h2 class=\"wp-block-heading has-text-align-center with-empty-cart-icon wc-block-cart__empty-cart__title\">Tw\u00f3j koszyk jest obecnie pusty!<\/h2>\n\n\n\n<hr class=\"wp-block-separator has-alpha-channel-opacity is-style-dots\"\/>\n\n\n\n<h2 class=\"wp-block-heading has-text-align-center\">Nowe w sklepie<\/h2>\n\n\n<div data-block-name=\"woocommerce\/product-new\" data-columns=\"4\" data-rows=\"1\" class=\"wc-block-grid wp-block-product-new wp-block-woocommerce-product-new wc-block-product-new has-4-columns\"><ul class=\"wc-block-grid__products\"><li class=\"wc-block-grid__product product-grid \">\n\t\t\t\t<div class=\"loop-image-wrap botiga-add-to-cart-button-layout3\">\n\t\t\t\t\t<a href=\"https:\/\/234.wordpressalk.pl\/index.php\/produkt\/naturalna-herbata-warianty-smakowe\/\" class=\"wc-block-grid__product-link\" title=\"Wybierz opcje\">\n\t\t\t\t\t\t<div class=\"wc-block-grid__product-image\"><img fetchpriority=\"high\" decoding=\"async\" width=\"420\" height=\"420\" src=\"https:\/\/234.wordpressalk.pl\/wp-content\/uploads\/2026\/04\/imgCvMg6J-9ed6dbf-420x420.jpg\" class=\"attachment-woocommerce_thumbnail size-woocommerce_thumbnail\" alt=\"Naturalna herbata \u2013 warianty smakowe\" srcset=\"https:\/\/234.wordpressalk.pl\/wp-content\/uploads\/2026\/04\/imgCvMg6J-9ed6dbf-420x420.jpg 420w, https:\/\/234.wordpressalk.pl\/wp-content\/uploads\/2026\/04\/imgCvMg6J-9ed6dbf-100x100.jpg 100w, https:\/\/234.wordpressalk.pl\/wp-content\/uploads\/2026\/04\/imgCvMg6J-9ed6dbf-150x150.jpg 150w\" sizes=\"(max-width: 420px) 100vw, 420px\" \/><\/div>\n\t\t\t\t\t<\/a><div class=\"loop-button-wrap button-width-auto button-layout3 \"><a href=\"https:\/\/234.wordpressalk.pl\/index.php\/produkt\/naturalna-herbata-warianty-smakowe\/\" aria-label=\"Wybierz opcje dla &bdquo;Naturalna herbata \u2013 warianty smakowe&rdquo;\" data-quantity=\"1\" data-product_id=\"69\" data-product_sku=\"\" rel=\"nofollow\" class=\"button wp-block-button__link add_to_cart_button\">Wybierz opcje<\/a><\/div><\/div><a href=\"https:\/\/234.wordpressalk.pl\/index.php\/produkt\/naturalna-herbata-warianty-smakowe\/\" class=\"wc-block-grid__product-link\">\n\t\t\t\t\t<div class=\"wc-block-grid__product-title\">Naturalna herbata \u2013 warianty smakowe<\/div>\n\t\t\t\t<\/a><div class=\"wc-block-grid__product-price price\"><span class=\"woocommerce-Price-amount amount\" aria-hidden=\"true\">19,99&nbsp;<span class=\"woocommerce-Price-currencySymbol\">&#122;&#322;<\/span><\/span> <span aria-hidden=\"true\">&ndash;<\/span> <span class=\"woocommerce-Price-amount amount\" aria-hidden=\"true\">29,99&nbsp;<span class=\"woocommerce-Price-currencySymbol\">&#122;&#322;<\/span><\/span><span class=\"screen-reader-text\">Zakres cen: od 19,99&nbsp;&#122;&#322; do 29,99&nbsp;&#122;&#322;<\/span><\/div><\/li><li class=\"wc-block-grid__product product-grid \">\n\t\t\t\t<div class=\"loop-image-wrap botiga-add-to-cart-button-layout3\">\n\t\t\t\t\t<a href=\"https:\/\/234.wordpressalk.pl\/index.php\/produkt\/naturalna-herbata-oczyszczajaca\/\" class=\"wc-block-grid__product-link\" title=\"Dodaj do koszyka\">\n\t\t\t\t\t\t<div class=\"wc-block-grid__product-image\"><img decoding=\"async\" width=\"420\" height=\"420\" data-src=\"https:\/\/234.wordpressalk.pl\/wp-content\/uploads\/2026\/04\/herbata-sypana-piag-tea-212-sweet-sweet-cinnamon-100-g-420x420.jpg\" class=\"attachment-woocommerce_thumbnail size-woocommerce_thumbnail lazyload\" alt=\"Naturalna herbata oczyszczaj\u0105ca\" data-srcset=\"https:\/\/234.wordpressalk.pl\/wp-content\/uploads\/2026\/04\/herbata-sypana-piag-tea-212-sweet-sweet-cinnamon-100-g-420x420.jpg 420w, https:\/\/234.wordpressalk.pl\/wp-content\/uploads\/2026\/04\/herbata-sypana-piag-tea-212-sweet-sweet-cinnamon-100-g-100x100.jpg 100w, https:\/\/234.wordpressalk.pl\/wp-content\/uploads\/2026\/04\/herbata-sypana-piag-tea-212-sweet-sweet-cinnamon-100-g-800x800.jpg 800w, https:\/\/234.wordpressalk.pl\/wp-content\/uploads\/2026\/04\/herbata-sypana-piag-tea-212-sweet-sweet-cinnamon-100-g-300x300.jpg 300w, https:\/\/234.wordpressalk.pl\/wp-content\/uploads\/2026\/04\/herbata-sypana-piag-tea-212-sweet-sweet-cinnamon-100-g-1024x1024.jpg 1024w, https:\/\/234.wordpressalk.pl\/wp-content\/uploads\/2026\/04\/herbata-sypana-piag-tea-212-sweet-sweet-cinnamon-100-g-150x150.jpg 150w, https:\/\/234.wordpressalk.pl\/wp-content\/uploads\/2026\/04\/herbata-sypana-piag-tea-212-sweet-sweet-cinnamon-100-g-768x768.jpg 768w, https:\/\/234.wordpressalk.pl\/wp-content\/uploads\/2026\/04\/herbata-sypana-piag-tea-212-sweet-sweet-cinnamon-100-g-1536x1536.jpg 1536w, https:\/\/234.wordpressalk.pl\/wp-content\/uploads\/2026\/04\/herbata-sypana-piag-tea-212-sweet-sweet-cinnamon-100-g-1140x1140.jpg 1140w, https:\/\/234.wordpressalk.pl\/wp-content\/uploads\/2026\/04\/herbata-sypana-piag-tea-212-sweet-sweet-cinnamon-100-g-920x920.jpg 920w, https:\/\/234.wordpressalk.pl\/wp-content\/uploads\/2026\/04\/herbata-sypana-piag-tea-212-sweet-sweet-cinnamon-100-g-575x575.jpg 575w, https:\/\/234.wordpressalk.pl\/wp-content\/uploads\/2026\/04\/herbata-sypana-piag-tea-212-sweet-sweet-cinnamon-100-g-380x380.jpg 380w, https:\/\/234.wordpressalk.pl\/wp-content\/uploads\/2026\/04\/herbata-sypana-piag-tea-212-sweet-sweet-cinnamon-100-g.jpg 1600w\" data-sizes=\"(max-width: 420px) 100vw, 420px\" src=\"data:image\/svg+xml;base64,PHN2ZyB3aWR0aD0iMSIgaGVpZ2h0PSIxIiB4bWxucz0iaHR0cDovL3d3dy53My5vcmcvMjAwMC9zdmciPjwvc3ZnPg==\" style=\"--smush-placeholder-width: 420px; --smush-placeholder-aspect-ratio: 420\/420;\" \/><\/div>\n\t\t\t\t\t<\/a><div class=\"loop-button-wrap button-width-auto button-layout3 \"><a href=\"\/index.php\/wp-json\/wp\/v2\/pages\/63?add-to-cart=67\" aria-label=\"Dodaj do koszyka: &bdquo;Naturalna herbata oczyszczaj\u0105ca&rdquo;\" data-quantity=\"1\" data-product_id=\"67\" data-product_sku=\"\" rel=\"nofollow\" class=\"button wp-block-button__link add_to_cart_button ajax_add_to_cart\">Dodaj do koszyka<\/a><\/div><\/div><a href=\"https:\/\/234.wordpressalk.pl\/index.php\/produkt\/naturalna-herbata-oczyszczajaca\/\" class=\"wc-block-grid__product-link\">\n\t\t\t\t\t<div class=\"wc-block-grid__product-title\">Naturalna herbata oczyszczaj\u0105ca<\/div>\n\t\t\t\t<\/a><div class=\"wc-block-grid__product-price price\"><span class=\"woocommerce-Price-amount amount\">29,99&nbsp;<span class=\"woocommerce-Price-currencySymbol\">&#122;&#322;<\/span><\/span><\/div><\/li><\/ul><\/div><\/div>\n<\/div>\n","protected":false},"excerpt":{"rendered":"","protected":false},"author":1,"featured_media":0,"parent":0,"menu_order":0,"comment_status":"closed","ping_status":"closed","template":"","meta":{"footnotes":""},"class_list":["post-63","page","type-page","status-publish","hentry"],"yoast_head":"<!-- This site is optimized with the Yoast SEO plugin v27.2 - https:\/\/yoast.com\/product\/yoast-seo-wordpress\/ -->\n<title>Koszyk - Beauty on the inside<\/title>\n<meta name=\"robots\" content=\"index, follow, max-snippet:-1, max-image-preview:large, max-video-preview:-1\" \/>\n<link rel=\"canonical\" href=\"https:\/\/234.wordpressalk.pl\/index.php\/koszyk\/\" \/>\n<meta property=\"og:locale\" content=\"pl_PL\" \/>\n<meta property=\"og:type\" content=\"article\" \/>\n<meta property=\"og:title\" content=\"Koszyk - Beauty on the inside\" \/>\n<meta property=\"og:url\" content=\"https:\/\/234.wordpressalk.pl\/index.php\/koszyk\/\" \/>\n<meta property=\"og:site_name\" content=\"Beauty on the inside\" \/>\n<meta name=\"twitter:card\" content=\"summary_large_image\" \/>\n<script type=\"application\/ld+json\" class=\"yoast-schema-graph\">{\"@context\":\"https:\/\/schema.org\",\"@graph\":[{\"@type\":\"WebPage\",\"@id\":\"https:\/\/234.wordpressalk.pl\/index.php\/koszyk\/\",\"url\":\"https:\/\/234.wordpressalk.pl\/index.php\/koszyk\/\",\"name\":\"Koszyk - Beauty on the inside\",\"isPartOf\":{\"@id\":\"https:\/\/234.wordpressalk.pl\/#website\"},\"datePublished\":\"2026-04-26T19:48:14+00:00\",\"breadcrumb\":{\"@id\":\"https:\/\/234.wordpressalk.pl\/index.php\/koszyk\/#breadcrumb\"},\"inLanguage\":\"pl-PL\",\"potentialAction\":[{\"@type\":\"ReadAction\",\"target\":[\"https:\/\/234.wordpressalk.pl\/index.php\/koszyk\/\"]}]},{\"@type\":\"BreadcrumbList\",\"@id\":\"https:\/\/234.wordpressalk.pl\/index.php\/koszyk\/#breadcrumb\",\"itemListElement\":[{\"@type\":\"ListItem\",\"position\":1,\"name\":\"Strona g\u0142\u00f3wna\",\"item\":\"https:\/\/234.wordpressalk.pl\/\"},{\"@type\":\"ListItem\",\"position\":2,\"name\":\"Koszyk\"}]},{\"@type\":\"WebSite\",\"@id\":\"https:\/\/234.wordpressalk.pl\/#website\",\"url\":\"https:\/\/234.wordpressalk.pl\/\",\"name\":\"Beauty on the inside\",\"description\":\"Jak wydoby\u0107 naturalne pi\u0119kno z naszego wn\u0119trza\",\"potentialAction\":[{\"@type\":\"SearchAction\",\"target\":{\"@type\":\"EntryPoint\",\"urlTemplate\":\"https:\/\/234.wordpressalk.pl\/?s={search_term_string}\"},\"query-input\":{\"@type\":\"PropertyValueSpecification\",\"valueRequired\":true,\"valueName\":\"search_term_string\"}}],\"inLanguage\":\"pl-PL\"}]}<\/script>\n<!-- \/ Yoast SEO plugin. -->","yoast_head_json":{"title":"Koszyk - Beauty on the inside","robots":{"index":"index","follow":"follow","max-snippet":"max-snippet:-1","max-image-preview":"max-image-preview:large","max-video-preview":"max-video-preview:-1"},"canonical":"https:\/\/234.wordpressalk.pl\/index.php\/koszyk\/","og_locale":"pl_PL","og_type":"article","og_title":"Koszyk - Beauty on the inside","og_url":"https:\/\/234.wordpressalk.pl\/index.php\/koszyk\/","og_site_name":"Beauty on the inside","twitter_card":"summary_large_image","schema":{"@context":"https:\/\/schema.org","@graph":[{"@type":"WebPage","@id":"https:\/\/234.wordpressalk.pl\/index.php\/koszyk\/","url":"https:\/\/234.wordpressalk.pl\/index.php\/koszyk\/","name":"Koszyk - Beauty on the inside","isPartOf":{"@id":"https:\/\/234.wordpressalk.pl\/#website"},"datePublished":"2026-04-26T19:48:14+00:00","breadcrumb":{"@id":"https:\/\/234.wordpressalk.pl\/index.php\/koszyk\/#breadcrumb"},"inLanguage":"pl-PL","potentialAction":[{"@type":"ReadAction","target":["https:\/\/234.wordpressalk.pl\/index.php\/koszyk\/"]}]},{"@type":"BreadcrumbList","@id":"https:\/\/234.wordpressalk.pl\/index.php\/koszyk\/#breadcrumb","itemListElement":[{"@type":"ListItem","position":1,"name":"Strona g\u0142\u00f3wna","item":"https:\/\/234.wordpressalk.pl\/"},{"@type":"ListItem","position":2,"name":"Koszyk"}]},{"@type":"WebSite","@id":"https:\/\/234.wordpressalk.pl\/#website","url":"https:\/\/234.wordpressalk.pl\/","name":"Beauty on the inside","description":"Jak wydoby\u0107 naturalne pi\u0119kno z naszego wn\u0119trza","potentialAction":[{"@type":"SearchAction","target":{"@type":"EntryPoint","urlTemplate":"https:\/\/234.wordpressalk.pl\/?s={search_term_string}"},"query-input":{"@type":"PropertyValueSpecification","valueRequired":true,"valueName":"search_term_string"}}],"inLanguage":"pl-PL"}]}},"_links":{"self":[{"href":"https:\/\/234.wordpressalk.pl\/index.php\/wp-json\/wp\/v2\/pages\/63","targetHints":{"allow":["GET"]}}],"collection":[{"href":"https:\/\/234.wordpressalk.pl\/index.php\/wp-json\/wp\/v2\/pages"}],"about":[{"href":"https:\/\/234.wordpressalk.pl\/index.php\/wp-json\/wp\/v2\/types\/page"}],"author":[{"embeddable":true,"href":"https:\/\/234.wordpressalk.pl\/index.php\/wp-json\/wp\/v2\/users\/1"}],"replies":[{"embeddable":true,"href":"https:\/\/234.wordpressalk.pl\/index.php\/wp-json\/wp\/v2\/comments?post=63"}],"version-history":[{"count":0,"href":"https:\/\/234.wordpressalk.pl\/index.php\/wp-json\/wp\/v2\/pages\/63\/revisions"}],"wp:attachment":[{"href":"https:\/\/234.wordpressalk.pl\/index.php\/wp-json\/wp\/v2\/media?parent=63"}],"curies":[{"name":"wp","href":"https:\/\/api.w.org\/{rel}","templated":true}]}}