{"id":51,"date":"2026-04-26T21:41:22","date_gmt":"2026-04-26T19:41:22","guid":{"rendered":"http:\/\/234.wordpressalk.pl\/?page_id=51"},"modified":"2026-04-26T21:44:06","modified_gmt":"2026-04-26T19:44:06","slug":"naturalne-napary-i-herbaty","status":"publish","type":"page","link":"https:\/\/234.wordpressalk.pl\/index.php\/naturalne-napary-i-herbaty\/","title":{"rendered":"Naturalne napary i herbaty"},"content":{"rendered":"\t\t<div data-elementor-type=\"wp-page\" data-elementor-id=\"51\" class=\"elementor elementor-51\">\n\t\t\t\t\t\t<div class=\"elementor-element elementor-element-917bc45 e-con e-atomic-element e-flexbox-base\" data-id=\"917bc45\" data-element_type=\"e-flexbox\" data-e-type=\"e-flexbox\" data-interaction-id=\"917bc45\">\n\t\t\t\t\t\t\t\t<p class=\"e-paragraph-base\" data-interaction-id=\"b8ba336\"  >\n\t\t\t\t\t\t\t\t<strong id=\"e-mog6d4l8-bno3xi1\">Naturalne napary i herbaty.<\/strong><br>Naturalne napary i herbaty od wiek\u00f3w s\u0105 wykorzystywane jako spos\u00f3b na popraw\u0119 zdrowia i urody. Dzi\u0119ki zawarto\u015bci witamin oraz antyoksydant\u00f3w pomagaj\u0105 oczy\u015bci\u0107 organizm i wspieraj\u0105 jego prawid\u0142owe funkcjonowanie. Regularne picie zi\u00f3\u0142 mo\u017ce pozytywnie wp\u0142yn\u0105\u0107 na wygl\u0105d sk\u00f3ry, w\u0142os\u00f3w oraz og\u00f3lne samopoczucie.<br><br><strong id=\"e-mog6d4l8-h8vbord\">Najpopularniejsze zio\u0142a.<\/strong><br>Do najcz\u0119\u015bciej stosowanych nale\u017c\u0105 rumianek, pokrzywa oraz mi\u0119ta. Ka\u017cde z nich posiada inne w\u0142a\u015bciwo\u015bci \u2013 jedne dzia\u0142aj\u0105 oczyszczaj\u0105co, inne uspokajaj\u0105co lub wspomagaj\u0105 trawienie.<br><br><strong id=\"e-mog6d4l8-ekt6vp0\">Jak stosowa\u0107 napary?<\/strong><br>Aby uzyska\u0107 najlepsze efekty, warto pi\u0107 napary regularnie, najlepiej codziennie. Wystarczy zala\u0107 zio\u0142a gor\u0105c\u0105 wod\u0105 i parzy\u0107 przez kilka minut. Wa\u017cne jest r\u00f3wnie\u017c, aby wybiera\u0107 naturalne, wysokiej jako\u015bci produkty bez dodatk\u00f3w chemicznych. Dzi\u0119ki temu mo\u017cemy w pe\u0142ni korzysta\u0107 z ich w\u0142a\u015bciwo\u015bci.\n\t\t\t\t\t<\/p>\n\t\t\t\t<\/div>\n\t\t\t\t<div class=\"elementor-element elementor-element-9d17cc6 e-con e-atomic-element e-flexbox-base\" data-id=\"9d17cc6\" data-element_type=\"e-flexbox\" data-e-type=\"e-flexbox\" data-interaction-id=\"9d17cc6\">\n\t\t\t\t\t\t\t\n\t\t<img class=\"e-image-base lazyload\" \n\t\t\t\t\tdata-interaction-id=\"3d8cef2\" \n\t\t \n\t\t \n\t\t\t\t\t\t\t\t\tid=\"25\"\n\t\t\t\t\t\t\t\t\t\t\t\tdata-src=\"https:\/\/234.wordpressalk.pl\/wp-content\/uploads\/2026\/04\/image-asset-768x512.webp\"\n\t\t\t\t\t\t\t\t\t\t\t\twidth=\"768\"\n\t\t\t\t\t\t\t\t\t\t\t\theight=\"512\"\n\t\t\t\t\t\t\t\t\t\t\t\tdata-srcset=\"https:\/\/234.wordpressalk.pl\/wp-content\/uploads\/2026\/04\/image-asset-768x512.webp 768w, https:\/\/234.wordpressalk.pl\/wp-content\/uploads\/2026\/04\/image-asset-800x533.webp 800w, https:\/\/234.wordpressalk.pl\/wp-content\/uploads\/2026\/04\/image-asset-300x200.webp 300w, https:\/\/234.wordpressalk.pl\/wp-content\/uploads\/2026\/04\/image-asset-1024x683.webp 1024w, https:\/\/234.wordpressalk.pl\/wp-content\/uploads\/2026\/04\/image-asset-1536x1024.webp 1536w, https:\/\/234.wordpressalk.pl\/wp-content\/uploads\/2026\/04\/image-asset-2048x1366.webp 2048w, https:\/\/234.wordpressalk.pl\/wp-content\/uploads\/2026\/04\/image-asset-1140x760.webp 1140w, https:\/\/234.wordpressalk.pl\/wp-content\/uploads\/2026\/04\/image-asset-920x613.webp 920w, https:\/\/234.wordpressalk.pl\/wp-content\/uploads\/2026\/04\/image-asset-575x383.webp 575w, https:\/\/234.wordpressalk.pl\/wp-content\/uploads\/2026\/04\/image-asset-380x253.webp 380w\"\n\t\t\t\t\t\t\t\t\t\t\t\talt=\"\"\n\t\t\t\t\t\t src=\"data:image\/svg+xml;base64,PHN2ZyB3aWR0aD0iMSIgaGVpZ2h0PSIxIiB4bWxucz0iaHR0cDovL3d3dy53My5vcmcvMjAwMC9zdmciPjwvc3ZnPg==\" style=\"--smush-placeholder-width: 768px; --smush-placeholder-aspect-ratio: 768\/512;\" \/>\n\t\t\t\t\t<\/div>\n\t\t\t\t<\/div>\n\t\t","protected":false},"excerpt":{"rendered":"<p>Naturalne napary i herbaty.Naturalne napary i herbaty od wiek\u00f3w s\u0105 wykorzystywane jako spos\u00f3b na popraw\u0119 zdrowia i urody. Dzi\u0119ki zawarto\u015bci witamin oraz antyoksydant\u00f3w pomagaj\u0105 oczy\u015bci\u0107 organizm i wspieraj\u0105 jego prawid\u0142owe [&hellip;]<\/p>\n","protected":false},"author":1,"featured_media":0,"parent":0,"menu_order":0,"comment_status":"closed","ping_status":"closed","template":"","meta":{"footnotes":""},"class_list":["post-51","page","type-page","status-publish","hentry"],"yoast_head":"<!-- This site is optimized with the Yoast SEO plugin v27.2 - https:\/\/yoast.com\/product\/yoast-seo-wordpress\/ -->\n<title>Naturalne napary i herbaty - Beauty on the inside<\/title>\n<meta name=\"robots\" content=\"index, follow, max-snippet:-1, max-image-preview:large, max-video-preview:-1\" \/>\n<link rel=\"canonical\" href=\"https:\/\/234.wordpressalk.pl\/index.php\/naturalne-napary-i-herbaty\/\" \/>\n<meta property=\"og:locale\" content=\"pl_PL\" \/>\n<meta property=\"og:type\" content=\"article\" \/>\n<meta property=\"og:title\" content=\"Naturalne napary i herbaty - Beauty on the inside\" \/>\n<meta property=\"og:description\" content=\"Naturalne napary i herbaty.Naturalne napary i herbaty od wiek\u00f3w s\u0105 wykorzystywane jako spos\u00f3b na popraw\u0119 zdrowia i urody. Dzi\u0119ki zawarto\u015bci witamin oraz antyoksydant\u00f3w pomagaj\u0105 oczy\u015bci\u0107 organizm i wspieraj\u0105 jego prawid\u0142owe [&hellip;]\" \/>\n<meta property=\"og:url\" content=\"https:\/\/234.wordpressalk.pl\/index.php\/naturalne-napary-i-herbaty\/\" \/>\n<meta property=\"og:site_name\" content=\"Beauty on the inside\" \/>\n<meta property=\"article:modified_time\" content=\"2026-04-26T19:44:06+00:00\" \/>\n<meta property=\"og:image\" content=\"http:\/\/234.wordpressalk.pl\/wp-content\/uploads\/2026\/04\/image-asset-768x512.webp\" \/>\n<meta name=\"twitter:card\" content=\"summary_large_image\" \/>\n<meta name=\"twitter:label1\" content=\"Szacowany czas czytania\" \/>\n\t<meta name=\"twitter:data1\" content=\"1 minuta\" \/>\n<script type=\"application\/ld+json\" class=\"yoast-schema-graph\">{\"@context\":\"https:\/\/schema.org\",\"@graph\":[{\"@type\":\"WebPage\",\"@id\":\"https:\/\/234.wordpressalk.pl\/index.php\/naturalne-napary-i-herbaty\/\",\"url\":\"https:\/\/234.wordpressalk.pl\/index.php\/naturalne-napary-i-herbaty\/\",\"name\":\"Naturalne napary i herbaty - Beauty on the inside\",\"isPartOf\":{\"@id\":\"https:\/\/234.wordpressalk.pl\/#website\"},\"primaryImageOfPage\":{\"@id\":\"https:\/\/234.wordpressalk.pl\/index.php\/naturalne-napary-i-herbaty\/#primaryimage\"},\"image\":{\"@id\":\"https:\/\/234.wordpressalk.pl\/index.php\/naturalne-napary-i-herbaty\/#primaryimage\"},\"thumbnailUrl\":\"http:\/\/234.wordpressalk.pl\/wp-content\/uploads\/2026\/04\/image-asset-768x512.webp\",\"datePublished\":\"2026-04-26T19:41:22+00:00\",\"dateModified\":\"2026-04-26T19:44:06+00:00\",\"breadcrumb\":{\"@id\":\"https:\/\/234.wordpressalk.pl\/index.php\/naturalne-napary-i-herbaty\/#breadcrumb\"},\"inLanguage\":\"pl-PL\",\"potentialAction\":[{\"@type\":\"ReadAction\",\"target\":[\"https:\/\/234.wordpressalk.pl\/index.php\/naturalne-napary-i-herbaty\/\"]}]},{\"@type\":\"ImageObject\",\"inLanguage\":\"pl-PL\",\"@id\":\"https:\/\/234.wordpressalk.pl\/index.php\/naturalne-napary-i-herbaty\/#primaryimage\",\"url\":\"http:\/\/234.wordpressalk.pl\/wp-content\/uploads\/2026\/04\/image-asset-768x512.webp\",\"contentUrl\":\"http:\/\/234.wordpressalk.pl\/wp-content\/uploads\/2026\/04\/image-asset-768x512.webp\"},{\"@type\":\"BreadcrumbList\",\"@id\":\"https:\/\/234.wordpressalk.pl\/index.php\/naturalne-napary-i-herbaty\/#breadcrumb\",\"itemListElement\":[{\"@type\":\"ListItem\",\"position\":1,\"name\":\"Strona g\u0142\u00f3wna\",\"item\":\"https:\/\/234.wordpressalk.pl\/\"},{\"@type\":\"ListItem\",\"position\":2,\"name\":\"Naturalne napary i herbaty\"}]},{\"@type\":\"WebSite\",\"@id\":\"https:\/\/234.wordpressalk.pl\/#website\",\"url\":\"https:\/\/234.wordpressalk.pl\/\",\"name\":\"Beauty on the inside\",\"description\":\"Jak wydoby\u0107 naturalne pi\u0119kno z naszego wn\u0119trza\",\"potentialAction\":[{\"@type\":\"SearchAction\",\"target\":{\"@type\":\"EntryPoint\",\"urlTemplate\":\"https:\/\/234.wordpressalk.pl\/?s={search_term_string}\"},\"query-input\":{\"@type\":\"PropertyValueSpecification\",\"valueRequired\":true,\"valueName\":\"search_term_string\"}}],\"inLanguage\":\"pl-PL\"}]}<\/script>\n<!-- \/ Yoast SEO plugin. -->","yoast_head_json":{"title":"Naturalne napary i herbaty - Beauty on the inside","robots":{"index":"index","follow":"follow","max-snippet":"max-snippet:-1","max-image-preview":"max-image-preview:large","max-video-preview":"max-video-preview:-1"},"canonical":"https:\/\/234.wordpressalk.pl\/index.php\/naturalne-napary-i-herbaty\/","og_locale":"pl_PL","og_type":"article","og_title":"Naturalne napary i herbaty - Beauty on the inside","og_description":"Naturalne napary i herbaty.Naturalne napary i herbaty od wiek\u00f3w s\u0105 wykorzystywane jako spos\u00f3b na popraw\u0119 zdrowia i urody. Dzi\u0119ki zawarto\u015bci witamin oraz antyoksydant\u00f3w pomagaj\u0105 oczy\u015bci\u0107 organizm i wspieraj\u0105 jego prawid\u0142owe [&hellip;]","og_url":"https:\/\/234.wordpressalk.pl\/index.php\/naturalne-napary-i-herbaty\/","og_site_name":"Beauty on the inside","article_modified_time":"2026-04-26T19:44:06+00:00","og_image":[{"url":"http:\/\/234.wordpressalk.pl\/wp-content\/uploads\/2026\/04\/image-asset-768x512.webp","type":"","width":"","height":""}],"twitter_card":"summary_large_image","twitter_misc":{"Szacowany czas czytania":"1 minuta"},"schema":{"@context":"https:\/\/schema.org","@graph":[{"@type":"WebPage","@id":"https:\/\/234.wordpressalk.pl\/index.php\/naturalne-napary-i-herbaty\/","url":"https:\/\/234.wordpressalk.pl\/index.php\/naturalne-napary-i-herbaty\/","name":"Naturalne napary i herbaty - Beauty on the inside","isPartOf":{"@id":"https:\/\/234.wordpressalk.pl\/#website"},"primaryImageOfPage":{"@id":"https:\/\/234.wordpressalk.pl\/index.php\/naturalne-napary-i-herbaty\/#primaryimage"},"image":{"@id":"https:\/\/234.wordpressalk.pl\/index.php\/naturalne-napary-i-herbaty\/#primaryimage"},"thumbnailUrl":"http:\/\/234.wordpressalk.pl\/wp-content\/uploads\/2026\/04\/image-asset-768x512.webp","datePublished":"2026-04-26T19:41:22+00:00","dateModified":"2026-04-26T19:44:06+00:00","breadcrumb":{"@id":"https:\/\/234.wordpressalk.pl\/index.php\/naturalne-napary-i-herbaty\/#breadcrumb"},"inLanguage":"pl-PL","potentialAction":[{"@type":"ReadAction","target":["https:\/\/234.wordpressalk.pl\/index.php\/naturalne-napary-i-herbaty\/"]}]},{"@type":"ImageObject","inLanguage":"pl-PL","@id":"https:\/\/234.wordpressalk.pl\/index.php\/naturalne-napary-i-herbaty\/#primaryimage","url":"http:\/\/234.wordpressalk.pl\/wp-content\/uploads\/2026\/04\/image-asset-768x512.webp","contentUrl":"http:\/\/234.wordpressalk.pl\/wp-content\/uploads\/2026\/04\/image-asset-768x512.webp"},{"@type":"BreadcrumbList","@id":"https:\/\/234.wordpressalk.pl\/index.php\/naturalne-napary-i-herbaty\/#breadcrumb","itemListElement":[{"@type":"ListItem","position":1,"name":"Strona g\u0142\u00f3wna","item":"https:\/\/234.wordpressalk.pl\/"},{"@type":"ListItem","position":2,"name":"Naturalne napary i herbaty"}]},{"@type":"WebSite","@id":"https:\/\/234.wordpressalk.pl\/#website","url":"https:\/\/234.wordpressalk.pl\/","name":"Beauty on the inside","description":"Jak wydoby\u0107 naturalne pi\u0119kno z naszego wn\u0119trza","potentialAction":[{"@type":"SearchAction","target":{"@type":"EntryPoint","urlTemplate":"https:\/\/234.wordpressalk.pl\/?s={search_term_string}"},"query-input":{"@type":"PropertyValueSpecification","valueRequired":true,"valueName":"search_term_string"}}],"inLanguage":"pl-PL"}]}},"_links":{"self":[{"href":"https:\/\/234.wordpressalk.pl\/index.php\/wp-json\/wp\/v2\/pages\/51","targetHints":{"allow":["GET"]}}],"collection":[{"href":"https:\/\/234.wordpressalk.pl\/index.php\/wp-json\/wp\/v2\/pages"}],"about":[{"href":"https:\/\/234.wordpressalk.pl\/index.php\/wp-json\/wp\/v2\/types\/page"}],"author":[{"embeddable":true,"href":"https:\/\/234.wordpressalk.pl\/index.php\/wp-json\/wp\/v2\/users\/1"}],"replies":[{"embeddable":true,"href":"https:\/\/234.wordpressalk.pl\/index.php\/wp-json\/wp\/v2\/comments?post=51"}],"version-history":[{"count":7,"href":"https:\/\/234.wordpressalk.pl\/index.php\/wp-json\/wp\/v2\/pages\/51\/revisions"}],"predecessor-version":[{"id":58,"href":"https:\/\/234.wordpressalk.pl\/index.php\/wp-json\/wp\/v2\/pages\/51\/revisions\/58"}],"wp:attachment":[{"href":"https:\/\/234.wordpressalk.pl\/index.php\/wp-json\/wp\/v2\/media?parent=51"}],"curies":[{"name":"wp","href":"https:\/\/api.w.org\/{rel}","templated":true}]}}