{"id":43,"date":"2026-04-26T21:30:50","date_gmt":"2026-04-26T19:30:50","guid":{"rendered":"http:\/\/234.wordpressalk.pl\/?page_id=43"},"modified":"2026-04-26T21:36:51","modified_gmt":"2026-04-26T19:36:51","slug":"naturalna-pielegnacja-skory","status":"publish","type":"page","link":"https:\/\/234.wordpressalk.pl\/index.php\/naturalna-pielegnacja-skory\/","title":{"rendered":"Naturalna piel\u0119gnacja sk\u00f3ry"},"content":{"rendered":"\t\t<div data-elementor-type=\"wp-page\" data-elementor-id=\"43\" class=\"elementor elementor-43\">\n\t\t\t\t<div class=\"elementor-element elementor-element-7178a4a e-flex e-con-boxed e-con e-parent\" data-id=\"7178a4a\" data-element_type=\"container\" data-e-type=\"container\">\n\t\t\t\t\t<div class=\"e-con-inner\">\n\t\t\t\t\t\t\t\n\t\t<img class=\"e-image-base e-316d73f-ffb5f34\" \n\t\t\t\t\tdata-interaction-id=\"316d73f\" \n\t\t \n\t\t \n\t\t\t\t\t\t\t\t\tid=\"19\"\n\t\t\t\t\t\t\t\t\t\t\t\tsrc=\"https:\/\/234.wordpressalk.pl\/wp-content\/uploads\/2026\/04\/93831740.avif\"\n\t\t\t\t\t\t\t\t\t\t\t\twidth=\"400\"\n\t\t\t\t\t\t\t\t\t\t\t\theight=\"267\"\n\t\t\t\t\t\t\t\t\t\t\t\tsrcset=\"https:\/\/234.wordpressalk.pl\/wp-content\/uploads\/2026\/04\/93831740.avif 400w, https:\/\/234.wordpressalk.pl\/wp-content\/uploads\/2026\/04\/93831740-300x200.avif 300w, https:\/\/234.wordpressalk.pl\/wp-content\/uploads\/2026\/04\/93831740-380x254.avif 380w\"\n\t\t\t\t\t\t\t\t\t\t\t\talt=\"\"\n\t\t\t\t\t\t\/>\n\t\t\t\t\t\t<\/div>\n\t\t\t\t<\/div>\n\t\t\t\t<div class=\"elementor-element elementor-element-bc2ecef e-con e-atomic-element e-flexbox-base\" data-id=\"bc2ecef\" data-element_type=\"e-flexbox\" data-e-type=\"e-flexbox\" data-interaction-id=\"bc2ecef\">\n\t\t\t\t\t\t\t\t<p class=\"e-paragraph-base\" data-interaction-id=\"bd24bc5\"  >\n\t\t\t\t\t\t\t\t<strong id=\"e-mog60ull-ogy3dwo\">Na czym polega naturalna piel\u0119gnacja sk\u00f3ry?<\/strong><br>Naturalna piel\u0119gnacja sk\u00f3ry opiera si\u0119 na wykorzystaniu sk\u0142adnik\u00f3w pochodzenia ro\u015blinnego, kt\u00f3re s\u0105 bezpieczne i skuteczne. Coraz wi\u0119cej os\u00f3b decyduje si\u0119 na rezygnacj\u0119 z kosmetyk\u00f3w pe\u0142nych chemii na rzecz naturalnych rozwi\u0105za\u0144. Zio\u0142a, oleje ro\u015blinne oraz ekstrakty z kwiat\u00f3w mog\u0105 znacz\u0105co poprawi\u0107 kondycj\u0119 sk\u00f3ry, nadaj\u0105c jej zdrowy i promienny wygl\u0105d.<br> <br><strong id=\"e-mog60ulm-7eog7og\">Jak dba\u0107 o sk\u00f3r\u0119 naturalnie?<\/strong><br>Podstaw\u0105 jest regularno\u015b\u0107 oraz odpowiednie dobranie sk\u0142adnik\u00f3w do typu sk\u00f3ry. Warto stosowa\u0107 naturalne oleje, takie jak olej kokosowy czy olej arganowy, kt\u00f3re nawil\u017caj\u0105 i od\u017cywiaj\u0105 sk\u00f3r\u0119. Dodatkowo maseczki z miodu lub aloesu pomagaj\u0105 w regeneracji i \u0142agodzeniu podra\u017cnie\u0144.\n\t\t\t\t\t<\/p>\n\t\t\t\t<\/div>\n\t\t\t\t<\/div>\n\t\t","protected":false},"excerpt":{"rendered":"<p>Na czym polega naturalna piel\u0119gnacja sk\u00f3ry?Naturalna piel\u0119gnacja sk\u00f3ry opiera si\u0119 na wykorzystaniu sk\u0142adnik\u00f3w pochodzenia ro\u015blinnego, kt\u00f3re s\u0105 bezpieczne i skuteczne. Coraz wi\u0119cej os\u00f3b decyduje si\u0119 na rezygnacj\u0119 z kosmetyk\u00f3w pe\u0142nych [&hellip;]<\/p>\n","protected":false},"author":1,"featured_media":0,"parent":0,"menu_order":0,"comment_status":"closed","ping_status":"closed","template":"","meta":{"footnotes":""},"class_list":["post-43","page","type-page","status-publish","hentry"],"yoast_head":"<!-- This site is optimized with the Yoast SEO plugin v27.2 - https:\/\/yoast.com\/product\/yoast-seo-wordpress\/ -->\n<title>Naturalna piel\u0119gnacja sk\u00f3ry - Beauty on the inside<\/title>\n<meta name=\"robots\" content=\"index, follow, max-snippet:-1, max-image-preview:large, max-video-preview:-1\" \/>\n<link rel=\"canonical\" href=\"https:\/\/234.wordpressalk.pl\/index.php\/naturalna-pielegnacja-skory\/\" \/>\n<meta property=\"og:locale\" content=\"pl_PL\" \/>\n<meta property=\"og:type\" content=\"article\" \/>\n<meta property=\"og:title\" content=\"Naturalna piel\u0119gnacja sk\u00f3ry - Beauty on the inside\" \/>\n<meta property=\"og:description\" content=\"Na czym polega naturalna piel\u0119gnacja sk\u00f3ry?Naturalna piel\u0119gnacja sk\u00f3ry opiera si\u0119 na wykorzystaniu sk\u0142adnik\u00f3w pochodzenia ro\u015blinnego, kt\u00f3re s\u0105 bezpieczne i skuteczne. Coraz wi\u0119cej os\u00f3b decyduje si\u0119 na rezygnacj\u0119 z kosmetyk\u00f3w pe\u0142nych [&hellip;]\" \/>\n<meta property=\"og:url\" content=\"https:\/\/234.wordpressalk.pl\/index.php\/naturalna-pielegnacja-skory\/\" \/>\n<meta property=\"og:site_name\" content=\"Beauty on the inside\" \/>\n<meta property=\"article:modified_time\" content=\"2026-04-26T19:36:51+00:00\" \/>\n<meta property=\"og:image\" content=\"http:\/\/234.wordpressalk.pl\/wp-content\/uploads\/2026\/04\/93831740.avif\" \/>\n<meta name=\"twitter:card\" content=\"summary_large_image\" \/>\n<meta name=\"twitter:label1\" content=\"Szacowany czas czytania\" \/>\n\t<meta name=\"twitter:data1\" content=\"1 minuta\" \/>\n<script type=\"application\/ld+json\" class=\"yoast-schema-graph\">{\"@context\":\"https:\/\/schema.org\",\"@graph\":[{\"@type\":\"WebPage\",\"@id\":\"https:\/\/234.wordpressalk.pl\/index.php\/naturalna-pielegnacja-skory\/\",\"url\":\"https:\/\/234.wordpressalk.pl\/index.php\/naturalna-pielegnacja-skory\/\",\"name\":\"Naturalna piel\u0119gnacja sk\u00f3ry - Beauty on the inside\",\"isPartOf\":{\"@id\":\"https:\/\/234.wordpressalk.pl\/#website\"},\"primaryImageOfPage\":{\"@id\":\"https:\/\/234.wordpressalk.pl\/index.php\/naturalna-pielegnacja-skory\/#primaryimage\"},\"image\":{\"@id\":\"https:\/\/234.wordpressalk.pl\/index.php\/naturalna-pielegnacja-skory\/#primaryimage\"},\"thumbnailUrl\":\"http:\/\/234.wordpressalk.pl\/wp-content\/uploads\/2026\/04\/93831740.avif\",\"datePublished\":\"2026-04-26T19:30:50+00:00\",\"dateModified\":\"2026-04-26T19:36:51+00:00\",\"breadcrumb\":{\"@id\":\"https:\/\/234.wordpressalk.pl\/index.php\/naturalna-pielegnacja-skory\/#breadcrumb\"},\"inLanguage\":\"pl-PL\",\"potentialAction\":[{\"@type\":\"ReadAction\",\"target\":[\"https:\/\/234.wordpressalk.pl\/index.php\/naturalna-pielegnacja-skory\/\"]}]},{\"@type\":\"ImageObject\",\"inLanguage\":\"pl-PL\",\"@id\":\"https:\/\/234.wordpressalk.pl\/index.php\/naturalna-pielegnacja-skory\/#primaryimage\",\"url\":\"https:\/\/234.wordpressalk.pl\/wp-content\/uploads\/2026\/04\/93831740.avif\",\"contentUrl\":\"https:\/\/234.wordpressalk.pl\/wp-content\/uploads\/2026\/04\/93831740.avif\",\"width\":400,\"height\":267},{\"@type\":\"BreadcrumbList\",\"@id\":\"https:\/\/234.wordpressalk.pl\/index.php\/naturalna-pielegnacja-skory\/#breadcrumb\",\"itemListElement\":[{\"@type\":\"ListItem\",\"position\":1,\"name\":\"Strona g\u0142\u00f3wna\",\"item\":\"https:\/\/234.wordpressalk.pl\/\"},{\"@type\":\"ListItem\",\"position\":2,\"name\":\"Naturalna piel\u0119gnacja sk\u00f3ry\"}]},{\"@type\":\"WebSite\",\"@id\":\"https:\/\/234.wordpressalk.pl\/#website\",\"url\":\"https:\/\/234.wordpressalk.pl\/\",\"name\":\"Beauty on the inside\",\"description\":\"Jak wydoby\u0107 naturalne pi\u0119kno z naszego wn\u0119trza\",\"potentialAction\":[{\"@type\":\"SearchAction\",\"target\":{\"@type\":\"EntryPoint\",\"urlTemplate\":\"https:\/\/234.wordpressalk.pl\/?s={search_term_string}\"},\"query-input\":{\"@type\":\"PropertyValueSpecification\",\"valueRequired\":true,\"valueName\":\"search_term_string\"}}],\"inLanguage\":\"pl-PL\"}]}<\/script>\n<!-- \/ Yoast SEO plugin. -->","yoast_head_json":{"title":"Naturalna piel\u0119gnacja sk\u00f3ry - Beauty on the inside","robots":{"index":"index","follow":"follow","max-snippet":"max-snippet:-1","max-image-preview":"max-image-preview:large","max-video-preview":"max-video-preview:-1"},"canonical":"https:\/\/234.wordpressalk.pl\/index.php\/naturalna-pielegnacja-skory\/","og_locale":"pl_PL","og_type":"article","og_title":"Naturalna piel\u0119gnacja sk\u00f3ry - Beauty on the inside","og_description":"Na czym polega naturalna piel\u0119gnacja sk\u00f3ry?Naturalna piel\u0119gnacja sk\u00f3ry opiera si\u0119 na wykorzystaniu sk\u0142adnik\u00f3w pochodzenia ro\u015blinnego, kt\u00f3re s\u0105 bezpieczne i skuteczne. Coraz wi\u0119cej os\u00f3b decyduje si\u0119 na rezygnacj\u0119 z kosmetyk\u00f3w pe\u0142nych [&hellip;]","og_url":"https:\/\/234.wordpressalk.pl\/index.php\/naturalna-pielegnacja-skory\/","og_site_name":"Beauty on the inside","article_modified_time":"2026-04-26T19:36:51+00:00","og_image":[{"url":"http:\/\/234.wordpressalk.pl\/wp-content\/uploads\/2026\/04\/93831740.avif","type":"","width":"","height":""}],"twitter_card":"summary_large_image","twitter_misc":{"Szacowany czas czytania":"1 minuta"},"schema":{"@context":"https:\/\/schema.org","@graph":[{"@type":"WebPage","@id":"https:\/\/234.wordpressalk.pl\/index.php\/naturalna-pielegnacja-skory\/","url":"https:\/\/234.wordpressalk.pl\/index.php\/naturalna-pielegnacja-skory\/","name":"Naturalna piel\u0119gnacja sk\u00f3ry - Beauty on the inside","isPartOf":{"@id":"https:\/\/234.wordpressalk.pl\/#website"},"primaryImageOfPage":{"@id":"https:\/\/234.wordpressalk.pl\/index.php\/naturalna-pielegnacja-skory\/#primaryimage"},"image":{"@id":"https:\/\/234.wordpressalk.pl\/index.php\/naturalna-pielegnacja-skory\/#primaryimage"},"thumbnailUrl":"http:\/\/234.wordpressalk.pl\/wp-content\/uploads\/2026\/04\/93831740.avif","datePublished":"2026-04-26T19:30:50+00:00","dateModified":"2026-04-26T19:36:51+00:00","breadcrumb":{"@id":"https:\/\/234.wordpressalk.pl\/index.php\/naturalna-pielegnacja-skory\/#breadcrumb"},"inLanguage":"pl-PL","potentialAction":[{"@type":"ReadAction","target":["https:\/\/234.wordpressalk.pl\/index.php\/naturalna-pielegnacja-skory\/"]}]},{"@type":"ImageObject","inLanguage":"pl-PL","@id":"https:\/\/234.wordpressalk.pl\/index.php\/naturalna-pielegnacja-skory\/#primaryimage","url":"https:\/\/234.wordpressalk.pl\/wp-content\/uploads\/2026\/04\/93831740.avif","contentUrl":"https:\/\/234.wordpressalk.pl\/wp-content\/uploads\/2026\/04\/93831740.avif","width":400,"height":267},{"@type":"BreadcrumbList","@id":"https:\/\/234.wordpressalk.pl\/index.php\/naturalna-pielegnacja-skory\/#breadcrumb","itemListElement":[{"@type":"ListItem","position":1,"name":"Strona g\u0142\u00f3wna","item":"https:\/\/234.wordpressalk.pl\/"},{"@type":"ListItem","position":2,"name":"Naturalna piel\u0119gnacja sk\u00f3ry"}]},{"@type":"WebSite","@id":"https:\/\/234.wordpressalk.pl\/#website","url":"https:\/\/234.wordpressalk.pl\/","name":"Beauty on the inside","description":"Jak wydoby\u0107 naturalne pi\u0119kno z naszego wn\u0119trza","potentialAction":[{"@type":"SearchAction","target":{"@type":"EntryPoint","urlTemplate":"https:\/\/234.wordpressalk.pl\/?s={search_term_string}"},"query-input":{"@type":"PropertyValueSpecification","valueRequired":true,"valueName":"search_term_string"}}],"inLanguage":"pl-PL"}]}},"_links":{"self":[{"href":"https:\/\/234.wordpressalk.pl\/index.php\/wp-json\/wp\/v2\/pages\/43","targetHints":{"allow":["GET"]}}],"collection":[{"href":"https:\/\/234.wordpressalk.pl\/index.php\/wp-json\/wp\/v2\/pages"}],"about":[{"href":"https:\/\/234.wordpressalk.pl\/index.php\/wp-json\/wp\/v2\/types\/page"}],"author":[{"embeddable":true,"href":"https:\/\/234.wordpressalk.pl\/index.php\/wp-json\/wp\/v2\/users\/1"}],"replies":[{"embeddable":true,"href":"https:\/\/234.wordpressalk.pl\/index.php\/wp-json\/wp\/v2\/comments?post=43"}],"version-history":[{"count":7,"href":"https:\/\/234.wordpressalk.pl\/index.php\/wp-json\/wp\/v2\/pages\/43\/revisions"}],"predecessor-version":[{"id":50,"href":"https:\/\/234.wordpressalk.pl\/index.php\/wp-json\/wp\/v2\/pages\/43\/revisions\/50"}],"wp:attachment":[{"href":"https:\/\/234.wordpressalk.pl\/index.php\/wp-json\/wp\/v2\/media?parent=43"}],"curies":[{"name":"wp","href":"https:\/\/api.w.org\/{rel}","templated":true}]}}