{"id":29,"date":"2026-04-26T20:21:08","date_gmt":"2026-04-26T18:21:08","guid":{"rendered":"http:\/\/234.wordpressalk.pl\/?page_id=29"},"modified":"2026-04-26T20:23:33","modified_gmt":"2026-04-26T18:23:33","slug":"kontakt","status":"publish","type":"page","link":"https:\/\/234.wordpressalk.pl\/index.php\/kontakt\/","title":{"rendered":"Kontakt"},"content":{"rendered":"\n<h3 class=\"wp-block-heading\">&#x1f4e9; Skontaktuj si\u0119 z nami<\/h3>\n\n\n\n<p>Masz pytania dotycz\u0105ce naturalnej piel\u0119gnacji lub chcesz dowiedzie\u0107 si\u0119 wi\u0119cej o metodach, kt\u00f3re prezentujemy na stronie Beauty from the inside? Ch\u0119tnie pomo\u017cemy i odpowiemy na wszystkie w\u0105tpliwo\u015bci.<\/p>\n\n\n<div class=\"wp-block-image is-style-rounded\">\n<figure class=\"aligncenter size-full is-resized\"><img fetchpriority=\"high\" decoding=\"async\" width=\"800\" height=\"534\" src=\"http:\/\/234.wordpressalk.pl\/wp-content\/uploads\/2026\/04\/question-mark-symbol-covered-lush-green-plants-symbolizing-growth-curiosity-mysteries-nature-represents-unknown-378337798.webp\" alt=\"Pytania odno\u015bnie pielegnacji\" class=\"wp-image-31\" style=\"aspect-ratio:1.498185755252531;width:340px;height:auto\" srcset=\"https:\/\/234.wordpressalk.pl\/wp-content\/uploads\/2026\/04\/question-mark-symbol-covered-lush-green-plants-symbolizing-growth-curiosity-mysteries-nature-represents-unknown-378337798.webp 800w, https:\/\/234.wordpressalk.pl\/wp-content\/uploads\/2026\/04\/question-mark-symbol-covered-lush-green-plants-symbolizing-growth-curiosity-mysteries-nature-represents-unknown-378337798-600x401.webp 600w, https:\/\/234.wordpressalk.pl\/wp-content\/uploads\/2026\/04\/question-mark-symbol-covered-lush-green-plants-symbolizing-growth-curiosity-mysteries-nature-represents-unknown-378337798-300x200.webp 300w, https:\/\/234.wordpressalk.pl\/wp-content\/uploads\/2026\/04\/question-mark-symbol-covered-lush-green-plants-symbolizing-growth-curiosity-mysteries-nature-represents-unknown-378337798-768x513.webp 768w, https:\/\/234.wordpressalk.pl\/wp-content\/uploads\/2026\/04\/question-mark-symbol-covered-lush-green-plants-symbolizing-growth-curiosity-mysteries-nature-represents-unknown-378337798-575x384.webp 575w, https:\/\/234.wordpressalk.pl\/wp-content\/uploads\/2026\/04\/question-mark-symbol-covered-lush-green-plants-symbolizing-growth-curiosity-mysteries-nature-represents-unknown-378337798-380x254.webp 380w\" sizes=\"(max-width: 800px) 100vw, 800px\" \/><\/figure>\n<\/div>\n\n\n<p>Mo\u017cesz skontaktowa\u0107 si\u0119 z nami mailowo lub \u015bledzi\u0107 nasze aktualno\u015bci. Staramy si\u0119 odpowiada\u0107 na wiadomo\u015bci jak najszybciej i dzieli\u0107 si\u0119 sprawdzonymi, naturalnymi sposobami dbania o zdrowie i urod\u0119.<\/p>\n\n\n\n<ul class=\"wp-block-list\">\n<li>e-mail: <a>kontakt@beautyinside.pl<\/a><\/li>\n\n\n\n<li>Instagram: @beautyinside<\/li>\n\n\n\n<li>Facebook: Beauty from the inside<\/li>\n<\/ul>\n\n\n\n<p><\/p>\n","protected":false},"excerpt":{"rendered":"<p>&#x1f4e9; Skontaktuj si\u0119 z nami Masz pytania dotycz\u0105ce naturalnej piel\u0119gnacji lub chcesz dowiedzie\u0107 si\u0119 wi\u0119cej o metodach, kt\u00f3re prezentujemy na stronie Beauty from the inside? Ch\u0119tnie pomo\u017cemy i odpowiemy na [&hellip;]<\/p>\n","protected":false},"author":1,"featured_media":0,"parent":0,"menu_order":0,"comment_status":"closed","ping_status":"closed","template":"","meta":{"footnotes":""},"class_list":["post-29","page","type-page","status-publish","hentry"],"yoast_head":"<!-- This site is optimized with the Yoast SEO plugin v27.2 - https:\/\/yoast.com\/product\/yoast-seo-wordpress\/ -->\n<title>Kontakt - Beauty on the inside<\/title>\n<meta name=\"robots\" content=\"index, follow, max-snippet:-1, max-image-preview:large, max-video-preview:-1\" \/>\n<link rel=\"canonical\" href=\"https:\/\/234.wordpressalk.pl\/index.php\/kontakt\/\" \/>\n<meta property=\"og:locale\" content=\"pl_PL\" \/>\n<meta property=\"og:type\" content=\"article\" \/>\n<meta property=\"og:title\" content=\"Kontakt - Beauty on the inside\" \/>\n<meta property=\"og:description\" content=\"&#x1f4e9; Skontaktuj si\u0119 z nami Masz pytania dotycz\u0105ce naturalnej piel\u0119gnacji lub chcesz dowiedzie\u0107 si\u0119 wi\u0119cej o metodach, kt\u00f3re prezentujemy na stronie Beauty from the inside? Ch\u0119tnie pomo\u017cemy i odpowiemy na [&hellip;]\" \/>\n<meta property=\"og:url\" content=\"https:\/\/234.wordpressalk.pl\/index.php\/kontakt\/\" \/>\n<meta property=\"og:site_name\" content=\"Beauty on the inside\" \/>\n<meta property=\"article:modified_time\" content=\"2026-04-26T18:23:33+00:00\" \/>\n<meta property=\"og:image\" content=\"http:\/\/234.wordpressalk.pl\/wp-content\/uploads\/2026\/04\/question-mark-symbol-covered-lush-green-plants-symbolizing-growth-curiosity-mysteries-nature-represents-unknown-378337798.webp\" \/>\n<meta name=\"twitter:card\" content=\"summary_large_image\" \/>\n<meta name=\"twitter:label1\" content=\"Szacowany czas czytania\" \/>\n\t<meta name=\"twitter:data1\" content=\"1 minuta\" \/>\n<script type=\"application\/ld+json\" class=\"yoast-schema-graph\">{\"@context\":\"https:\/\/schema.org\",\"@graph\":[{\"@type\":\"WebPage\",\"@id\":\"https:\/\/234.wordpressalk.pl\/index.php\/kontakt\/\",\"url\":\"https:\/\/234.wordpressalk.pl\/index.php\/kontakt\/\",\"name\":\"Kontakt - Beauty on the inside\",\"isPartOf\":{\"@id\":\"https:\/\/234.wordpressalk.pl\/#website\"},\"primaryImageOfPage\":{\"@id\":\"https:\/\/234.wordpressalk.pl\/index.php\/kontakt\/#primaryimage\"},\"image\":{\"@id\":\"https:\/\/234.wordpressalk.pl\/index.php\/kontakt\/#primaryimage\"},\"thumbnailUrl\":\"http:\/\/234.wordpressalk.pl\/wp-content\/uploads\/2026\/04\/question-mark-symbol-covered-lush-green-plants-symbolizing-growth-curiosity-mysteries-nature-represents-unknown-378337798.webp\",\"datePublished\":\"2026-04-26T18:21:08+00:00\",\"dateModified\":\"2026-04-26T18:23:33+00:00\",\"breadcrumb\":{\"@id\":\"https:\/\/234.wordpressalk.pl\/index.php\/kontakt\/#breadcrumb\"},\"inLanguage\":\"pl-PL\",\"potentialAction\":[{\"@type\":\"ReadAction\",\"target\":[\"https:\/\/234.wordpressalk.pl\/index.php\/kontakt\/\"]}]},{\"@type\":\"ImageObject\",\"inLanguage\":\"pl-PL\",\"@id\":\"https:\/\/234.wordpressalk.pl\/index.php\/kontakt\/#primaryimage\",\"url\":\"https:\/\/234.wordpressalk.pl\/wp-content\/uploads\/2026\/04\/question-mark-symbol-covered-lush-green-plants-symbolizing-growth-curiosity-mysteries-nature-represents-unknown-378337798.webp\",\"contentUrl\":\"https:\/\/234.wordpressalk.pl\/wp-content\/uploads\/2026\/04\/question-mark-symbol-covered-lush-green-plants-symbolizing-growth-curiosity-mysteries-nature-represents-unknown-378337798.webp\",\"width\":800,\"height\":534},{\"@type\":\"BreadcrumbList\",\"@id\":\"https:\/\/234.wordpressalk.pl\/index.php\/kontakt\/#breadcrumb\",\"itemListElement\":[{\"@type\":\"ListItem\",\"position\":1,\"name\":\"Strona g\u0142\u00f3wna\",\"item\":\"https:\/\/234.wordpressalk.pl\/\"},{\"@type\":\"ListItem\",\"position\":2,\"name\":\"Kontakt\"}]},{\"@type\":\"WebSite\",\"@id\":\"https:\/\/234.wordpressalk.pl\/#website\",\"url\":\"https:\/\/234.wordpressalk.pl\/\",\"name\":\"Beauty on the inside\",\"description\":\"Jak wydoby\u0107 naturalne pi\u0119kno z naszego wn\u0119trza\",\"potentialAction\":[{\"@type\":\"SearchAction\",\"target\":{\"@type\":\"EntryPoint\",\"urlTemplate\":\"https:\/\/234.wordpressalk.pl\/?s={search_term_string}\"},\"query-input\":{\"@type\":\"PropertyValueSpecification\",\"valueRequired\":true,\"valueName\":\"search_term_string\"}}],\"inLanguage\":\"pl-PL\"}]}<\/script>\n<!-- \/ Yoast SEO plugin. -->","yoast_head_json":{"title":"Kontakt - Beauty on the inside","robots":{"index":"index","follow":"follow","max-snippet":"max-snippet:-1","max-image-preview":"max-image-preview:large","max-video-preview":"max-video-preview:-1"},"canonical":"https:\/\/234.wordpressalk.pl\/index.php\/kontakt\/","og_locale":"pl_PL","og_type":"article","og_title":"Kontakt - Beauty on the inside","og_description":"&#x1f4e9; Skontaktuj si\u0119 z nami Masz pytania dotycz\u0105ce naturalnej piel\u0119gnacji lub chcesz dowiedzie\u0107 si\u0119 wi\u0119cej o metodach, kt\u00f3re prezentujemy na stronie Beauty from the inside? Ch\u0119tnie pomo\u017cemy i odpowiemy na [&hellip;]","og_url":"https:\/\/234.wordpressalk.pl\/index.php\/kontakt\/","og_site_name":"Beauty on the inside","article_modified_time":"2026-04-26T18:23:33+00:00","og_image":[{"url":"http:\/\/234.wordpressalk.pl\/wp-content\/uploads\/2026\/04\/question-mark-symbol-covered-lush-green-plants-symbolizing-growth-curiosity-mysteries-nature-represents-unknown-378337798.webp","type":"","width":"","height":""}],"twitter_card":"summary_large_image","twitter_misc":{"Szacowany czas czytania":"1 minuta"},"schema":{"@context":"https:\/\/schema.org","@graph":[{"@type":"WebPage","@id":"https:\/\/234.wordpressalk.pl\/index.php\/kontakt\/","url":"https:\/\/234.wordpressalk.pl\/index.php\/kontakt\/","name":"Kontakt - Beauty on the inside","isPartOf":{"@id":"https:\/\/234.wordpressalk.pl\/#website"},"primaryImageOfPage":{"@id":"https:\/\/234.wordpressalk.pl\/index.php\/kontakt\/#primaryimage"},"image":{"@id":"https:\/\/234.wordpressalk.pl\/index.php\/kontakt\/#primaryimage"},"thumbnailUrl":"http:\/\/234.wordpressalk.pl\/wp-content\/uploads\/2026\/04\/question-mark-symbol-covered-lush-green-plants-symbolizing-growth-curiosity-mysteries-nature-represents-unknown-378337798.webp","datePublished":"2026-04-26T18:21:08+00:00","dateModified":"2026-04-26T18:23:33+00:00","breadcrumb":{"@id":"https:\/\/234.wordpressalk.pl\/index.php\/kontakt\/#breadcrumb"},"inLanguage":"pl-PL","potentialAction":[{"@type":"ReadAction","target":["https:\/\/234.wordpressalk.pl\/index.php\/kontakt\/"]}]},{"@type":"ImageObject","inLanguage":"pl-PL","@id":"https:\/\/234.wordpressalk.pl\/index.php\/kontakt\/#primaryimage","url":"https:\/\/234.wordpressalk.pl\/wp-content\/uploads\/2026\/04\/question-mark-symbol-covered-lush-green-plants-symbolizing-growth-curiosity-mysteries-nature-represents-unknown-378337798.webp","contentUrl":"https:\/\/234.wordpressalk.pl\/wp-content\/uploads\/2026\/04\/question-mark-symbol-covered-lush-green-plants-symbolizing-growth-curiosity-mysteries-nature-represents-unknown-378337798.webp","width":800,"height":534},{"@type":"BreadcrumbList","@id":"https:\/\/234.wordpressalk.pl\/index.php\/kontakt\/#breadcrumb","itemListElement":[{"@type":"ListItem","position":1,"name":"Strona g\u0142\u00f3wna","item":"https:\/\/234.wordpressalk.pl\/"},{"@type":"ListItem","position":2,"name":"Kontakt"}]},{"@type":"WebSite","@id":"https:\/\/234.wordpressalk.pl\/#website","url":"https:\/\/234.wordpressalk.pl\/","name":"Beauty on the inside","description":"Jak wydoby\u0107 naturalne pi\u0119kno z naszego wn\u0119trza","potentialAction":[{"@type":"SearchAction","target":{"@type":"EntryPoint","urlTemplate":"https:\/\/234.wordpressalk.pl\/?s={search_term_string}"},"query-input":{"@type":"PropertyValueSpecification","valueRequired":true,"valueName":"search_term_string"}}],"inLanguage":"pl-PL"}]}},"_links":{"self":[{"href":"https:\/\/234.wordpressalk.pl\/index.php\/wp-json\/wp\/v2\/pages\/29","targetHints":{"allow":["GET"]}}],"collection":[{"href":"https:\/\/234.wordpressalk.pl\/index.php\/wp-json\/wp\/v2\/pages"}],"about":[{"href":"https:\/\/234.wordpressalk.pl\/index.php\/wp-json\/wp\/v2\/types\/page"}],"author":[{"embeddable":true,"href":"https:\/\/234.wordpressalk.pl\/index.php\/wp-json\/wp\/v2\/users\/1"}],"replies":[{"embeddable":true,"href":"https:\/\/234.wordpressalk.pl\/index.php\/wp-json\/wp\/v2\/comments?post=29"}],"version-history":[{"count":1,"href":"https:\/\/234.wordpressalk.pl\/index.php\/wp-json\/wp\/v2\/pages\/29\/revisions"}],"predecessor-version":[{"id":32,"href":"https:\/\/234.wordpressalk.pl\/index.php\/wp-json\/wp\/v2\/pages\/29\/revisions\/32"}],"wp:attachment":[{"href":"https:\/\/234.wordpressalk.pl\/index.php\/wp-json\/wp\/v2\/media?parent=29"}],"curies":[{"name":"wp","href":"https:\/\/api.w.org\/{rel}","templated":true}]}}